{"id":70425,"date":"2025-04-17T21:25:51","date_gmt":"2025-04-17T21:25:51","guid":{"rendered":"https:\/\/minerion.com.br\/?page_id=70425"},"modified":"2025-12-10T17:41:12","modified_gmt":"2025-12-10T20:41:12","slug":"fale-conosco","status":"publish","type":"page","link":"https:\/\/minerion.com.br\/es\/fale-conosco\/","title":{"rendered":"Cont\u00e1ctenos"},"content":{"rendered":"<div data-elementor-type=\"wp-page\" data-elementor-id=\"70425\" class=\"elementor elementor-70425\">\n\t\t\t\t\t\t<section class=\"elementor-section elementor-top-section elementor-element elementor-element-a87ea86 elementor-section-boxed elementor-section-height-default elementor-section-height-default\" data-id=\"a87ea86\" data-element_type=\"section\" data-e-type=\"section\" data-settings=\"{&quot;background_background&quot;:&quot;classic&quot;}\">\n\t\t\t\t\t\t<div class=\"elementor-container elementor-column-gap-default\">\n\t\t\t\t\t<div class=\"elementor-column elementor-col-50 elementor-top-column elementor-element elementor-element-2ef105a elementor-invisible\" data-id=\"2ef105a\" data-element_type=\"column\" data-e-type=\"column\" data-settings=\"{&quot;animation&quot;:&quot;fadeInLeft&quot;}\">\n\t\t\t<div class=\"elementor-widget-wrap elementor-element-populated\">\n\t\t\t\t\t\t<div class=\"elementor-element elementor-element-c912f83 elementor-widget elementor-widget-text-editor\" data-id=\"c912f83\" data-element_type=\"widget\" data-e-type=\"widget\" data-widget_type=\"text-editor.default\">\n\t\t\t\t<div class=\"elementor-widget-container\">\n\t\t\t\t\t\t\t\t\t<h3 class=\"white translation-block\"><span class=\"normal-text\">Contacto<br><\/span><span class=\"lime\">Minerion<\/span><\/h3>\t\t\t\t\t\t\t\t<\/div>\n\t\t\t\t<\/div>\n\t\t\t\t<div class=\"elementor-element elementor-element-07ddd21 elementor-hidden-mobile elementor-widget elementor-widget-text-editor\" data-id=\"07ddd21\" data-element_type=\"widget\" data-e-type=\"widget\" data-widget_type=\"text-editor.default\">\n\t\t\t\t<div class=\"elementor-widget-container\">\n\t\t\t\t\t\t\t\t\t<p class=\"white translation-block\">Estamos listos para transformar su operaci\u00f3n minera con soluciones especializadas en el sector.<\/p>\t\t\t\t\t\t\t\t<\/div>\n\t\t\t\t<\/div>\n\t\t\t\t<div class=\"elementor-element elementor-element-26f6361 elementor-hidden-widescreen elementor-hidden-desktop elementor-hidden-laptop elementor-hidden-tablet_extra elementor-hidden-tablet elementor-hidden-mobile_extra elementor-widget elementor-widget-text-editor\" data-id=\"26f6361\" data-element_type=\"widget\" data-e-type=\"widget\" data-widget_type=\"text-editor.default\">\n\t\t\t\t<div class=\"elementor-widget-container\">\n\t\t\t\t\t\t\t\t\t<p class=\"white\">Estamos listos para transformar su operaci\u00f3n minera<br> con soluciones especializadas en el sector.<\/p>\t\t\t\t\t\t\t\t<\/div>\n\t\t\t\t<\/div>\n\t\t\t\t<div class=\"elementor-element elementor-element-ad2ac86 elementor-hidden-mobile elementor-widget elementor-widget-text-editor\" data-id=\"ad2ac86\" data-element_type=\"widget\" data-e-type=\"widget\" data-widget_type=\"text-editor.default\">\n\t\t\t\t<div class=\"elementor-widget-container\">\n\t\t\t\t\t\t\t\t\t<p class=\"white translation-block\">Programa una demostraci\u00f3n y descubre <br>c\u00f3mo podemos optimizar tus resultados.<\/p>\t\t\t\t\t\t\t\t<\/div>\n\t\t\t\t<\/div>\n\t\t\t\t<div class=\"elementor-element elementor-element-6017840 elementor-hidden-widescreen elementor-hidden-desktop elementor-hidden-laptop elementor-hidden-tablet_extra elementor-hidden-tablet elementor-hidden-mobile_extra elementor-widget elementor-widget-text-editor\" data-id=\"6017840\" data-element_type=\"widget\" data-e-type=\"widget\" data-widget_type=\"text-editor.default\">\n\t\t\t\t<div class=\"elementor-widget-container\">\n\t\t\t\t\t\t\t\t\t<p class=\"white translation-block\">Programa una demostraci\u00f3n y descubre <br>c\u00f3mo podemos optimizar tus resultados.<\/p>\t\t\t\t\t\t\t\t<\/div>\n\t\t\t\t<\/div>\n\t\t\t\t<div class=\"elementor-element elementor-element-7b77165 elementor-widget elementor-widget-html\" data-id=\"7b77165\" data-element_type=\"widget\" data-e-type=\"widget\" data-widget_type=\"html.default\">\n\t\t\t\t<div class=\"elementor-widget-container\">\n\t\t\t\t\t<a href=\"https:\/\/wa.me\/37999242037?text=Ol%C3%A1%21%20Gostaria%20de%20falar%20com%20um%20especialista%21\" \r\n   class=\"minerion-whats-btn\"\r\n   target=\"_blank\">\r\n    <span class=\"minerion-whats-icon\">\r\n        <i class=\"fa fa-whatsapp\" aria-hidden=\"true\"><\/i>\r\n    <\/span>\r\n    <span>\u00a1Hable con un especialista<\/span>\r\n<\/a>\r\n\r\n\r\n\t\t\t\t<\/div>\n\t\t\t\t<\/div>\n\t\t\t\t\t<\/div>\n\t\t<\/div>\n\t\t\t\t<div class=\"elementor-column elementor-col-50 elementor-top-column elementor-element elementor-element-157f28e elementor-invisible\" data-id=\"157f28e\" data-element_type=\"column\" data-e-type=\"column\" data-settings=\"{&quot;animation&quot;:&quot;fadeInRight&quot;}\">\n\t\t\t<div class=\"elementor-widget-wrap elementor-element-populated\">\n\t\t\t\t\t\t<div class=\"elementor-element elementor-element-a95331e elementor-widget elementor-widget-html\" data-id=\"a95331e\" data-element_type=\"widget\" data-e-type=\"widget\" data-widget_type=\"html.default\">\n\t\t\t\t<div class=\"elementor-widget-container\">\n\t\t\t\t\t<div class=\"form-rd\">\n    <div role=\"main\" id=\"formulario-site-11213e15883669cd27ab\"><\/div>\n<\/div>\n<script type=\"text\/javascript\" src=\"https:\/\/d335luupugsy2.cloudfront.net\/js\/rdstation-forms\/stable\/rdstation-forms.min.js\"><\/script><script type=\"text\/javascript\"> new RDStationForms('formulario-site-11213e15883669cd27ab', 'null').createForm();<\/script>\t\t\t\t<\/div>\n\t\t\t\t<\/div>\n\t\t\t\t\t<\/div>\n\t\t<\/div>\n\t\t\t\t\t<\/div>\n\t\t<\/section>\n\t\t\t\t<section class=\"elementor-section elementor-top-section elementor-element elementor-element-168b63f elementor-section-boxed elementor-section-height-default elementor-section-height-default\" data-id=\"168b63f\" data-element_type=\"section\" data-e-type=\"section\">\n\t\t\t\t\t\t<div class=\"elementor-container elementor-column-gap-default\">\n\t\t\t\t\t<div class=\"elementor-column elementor-col-100 elementor-top-column elementor-element elementor-element-77e8b5a\" data-id=\"77e8b5a\" data-element_type=\"column\" data-e-type=\"column\">\n\t\t\t<div class=\"elementor-widget-wrap\">\n\t\t\t\t\t\t\t<\/div>\n\t\t<\/div>\n\t\t\t\t\t<\/div>\n\t\t<\/section>\n\t\t\t\t<\/div>","protected":false},"excerpt":{"rendered":"<p>Entre em contatocom a Minerion Estamos prontos para transformar suaopera\u00e7\u00e3o mineradora com solu\u00e7\u00f5esespecializadas no setor. Estamos prontos para transformar sua opera\u00e7\u00e3o mineradora com solu\u00e7\u00f5es especializadas no setor. Agende uma demonstra\u00e7\u00e3o e descubra como podemos otimizar seus resultados. Agende uma demonstra\u00e7\u00e3o e descubra como podemos otimizar seus resultados. Fale com um especialista<\/p>","protected":false},"author":1,"featured_media":0,"parent":0,"menu_order":0,"comment_status":"closed","ping_status":"closed","template":"","meta":{"pagelayer_contact_templates":[],"_pagelayer_content":"","footnotes":""},"class_list":["post-70425","page","type-page","status-publish","hentry"],"yoast_head":"<!-- This site is optimized with the Yoast SEO plugin v25.5 - https:\/\/yoast.com\/wordpress\/plugins\/seo\/ -->\n<title>Fale Conosco - Minerion - Agora, Delphi \u00e9 Minerion<\/title>\n<meta name=\"robots\" content=\"index, follow, max-snippet:-1, max-image-preview:large, max-video-preview:-1\" \/>\n<link rel=\"canonical\" href=\"https:\/\/minerion.com.br\/es\/fale-conosco\/\" \/>\n<meta property=\"og:locale\" content=\"es_ES\" \/>\n<meta property=\"og:type\" content=\"article\" \/>\n<meta property=\"og:title\" content=\"Fale Conosco - Minerion - Agora, Delphi \u00e9 Minerion\" \/>\n<meta property=\"og:description\" content=\"Entre em contatocom a Minerion Estamos prontos para transformar suaopera\u00e7\u00e3o mineradora com solu\u00e7\u00f5esespecializadas no setor. Estamos prontos para transformar sua opera\u00e7\u00e3o mineradora com solu\u00e7\u00f5es especializadas no setor. Agende uma demonstra\u00e7\u00e3o e descubra como podemos otimizar seus resultados. Agende uma demonstra\u00e7\u00e3o e descubra como podemos otimizar seus resultados. Fale com um especialista\" \/>\n<meta property=\"og:url\" content=\"https:\/\/minerion.com.br\/es\/fale-conosco\/\" \/>\n<meta property=\"og:site_name\" content=\"Minerion - Agora, Delphi \u00e9 Minerion\" \/>\n<meta property=\"article:modified_time\" content=\"2025-12-10T20:41:12+00:00\" \/>\n<meta name=\"twitter:card\" content=\"summary_large_image\" \/>\n<meta name=\"twitter:label1\" content=\"Tiempo de lectura\" \/>\n\t<meta name=\"twitter:data1\" content=\"1 minuto\" \/>\n<script type=\"application\/ld+json\" class=\"yoast-schema-graph\">{\"@context\":\"https:\/\/schema.org\",\"@graph\":[{\"@type\":\"WebPage\",\"@id\":\"https:\/\/minerion.com.br\/fale-conosco\/\",\"url\":\"https:\/\/minerion.com.br\/fale-conosco\/\",\"name\":\"Fale Conosco - Minerion - Agora, Delphi \u00e9 Minerion\",\"isPartOf\":{\"@id\":\"https:\/\/minerion.com.br\/#website\"},\"datePublished\":\"2025-04-17T21:25:51+00:00\",\"dateModified\":\"2025-12-10T20:41:12+00:00\",\"breadcrumb\":{\"@id\":\"https:\/\/minerion.com.br\/fale-conosco\/#breadcrumb\"},\"inLanguage\":\"es\",\"potentialAction\":[{\"@type\":\"ReadAction\",\"target\":[\"https:\/\/minerion.com.br\/fale-conosco\/\"]}]},{\"@type\":\"BreadcrumbList\",\"@id\":\"https:\/\/minerion.com.br\/fale-conosco\/#breadcrumb\",\"itemListElement\":[{\"@type\":\"ListItem\",\"position\":1,\"name\":\"In\u00edcio\",\"item\":\"https:\/\/minerion.com.br\/\"},{\"@type\":\"ListItem\",\"position\":2,\"name\":\"Fale Conosco\"}]},{\"@type\":\"WebSite\",\"@id\":\"https:\/\/minerion.com.br\/#website\",\"url\":\"https:\/\/minerion.com.br\/\",\"name\":\"Minerion - Agora, Delphi \u00e9 Minerion\",\"description\":\"Minerion | Software para minera\u00e7\u00e3o\",\"publisher\":{\"@id\":\"https:\/\/minerion.com.br\/#organization\"},\"potentialAction\":[{\"@type\":\"SearchAction\",\"target\":{\"@type\":\"EntryPoint\",\"urlTemplate\":\"https:\/\/minerion.com.br\/?s={search_term_string}\"},\"query-input\":{\"@type\":\"PropertyValueSpecification\",\"valueRequired\":true,\"valueName\":\"search_term_string\"}}],\"inLanguage\":\"es\"},{\"@type\":\"Organization\",\"@id\":\"https:\/\/minerion.com.br\/#organization\",\"name\":\"Minerion - Agora, Delphi \u00e9 Minerion\",\"url\":\"https:\/\/minerion.com.br\/\",\"logo\":{\"@type\":\"ImageObject\",\"inLanguage\":\"es\",\"@id\":\"https:\/\/minerion.com.br\/#\/schema\/logo\/image\/\",\"url\":\"https:\/\/minerion.com.br\/wp-content\/uploads\/2022\/12\/logo-minerion.png\",\"contentUrl\":\"https:\/\/minerion.com.br\/wp-content\/uploads\/2022\/12\/logo-minerion.png\",\"width\":295,\"height\":100,\"caption\":\"Minerion - Agora, Delphi \u00e9 Minerion\"},\"image\":{\"@id\":\"https:\/\/minerion.com.br\/#\/schema\/logo\/image\/\"}}]}<\/script>\n<!-- \/ Yoast SEO plugin. -->","yoast_head_json":{"title":"Fale Conosco - Minerion - Agora, Delphi \u00e9 Minerion","robots":{"index":"index","follow":"follow","max-snippet":"max-snippet:-1","max-image-preview":"max-image-preview:large","max-video-preview":"max-video-preview:-1"},"canonical":"https:\/\/minerion.com.br\/es\/fale-conosco\/","og_locale":"es_ES","og_type":"article","og_title":"Fale Conosco - Minerion - Agora, Delphi \u00e9 Minerion","og_description":"Entre em contatocom a Minerion Estamos prontos para transformar suaopera\u00e7\u00e3o mineradora com solu\u00e7\u00f5esespecializadas no setor. Estamos prontos para transformar sua opera\u00e7\u00e3o mineradora com solu\u00e7\u00f5es especializadas no setor. Agende uma demonstra\u00e7\u00e3o e descubra como podemos otimizar seus resultados. Agende uma demonstra\u00e7\u00e3o e descubra como podemos otimizar seus resultados. Fale com um especialista","og_url":"https:\/\/minerion.com.br\/es\/fale-conosco\/","og_site_name":"Minerion - Agora, Delphi \u00e9 Minerion","article_modified_time":"2025-12-10T20:41:12+00:00","twitter_card":"summary_large_image","twitter_misc":{"Tiempo de lectura":"1 minuto"},"schema":{"@context":"https:\/\/schema.org","@graph":[{"@type":"WebPage","@id":"https:\/\/minerion.com.br\/fale-conosco\/","url":"https:\/\/minerion.com.br\/fale-conosco\/","name":"Fale Conosco - Minerion - Agora, Delphi \u00e9 Minerion","isPartOf":{"@id":"https:\/\/minerion.com.br\/#website"},"datePublished":"2025-04-17T21:25:51+00:00","dateModified":"2025-12-10T20:41:12+00:00","breadcrumb":{"@id":"https:\/\/minerion.com.br\/fale-conosco\/#breadcrumb"},"inLanguage":"es","potentialAction":[{"@type":"ReadAction","target":["https:\/\/minerion.com.br\/fale-conosco\/"]}]},{"@type":"BreadcrumbList","@id":"https:\/\/minerion.com.br\/fale-conosco\/#breadcrumb","itemListElement":[{"@type":"ListItem","position":1,"name":"In\u00edcio","item":"https:\/\/minerion.com.br\/"},{"@type":"ListItem","position":2,"name":"Fale Conosco"}]},{"@type":"WebSite","@id":"https:\/\/minerion.com.br\/#website","url":"https:\/\/minerion.com.br\/","name":"Minerion - Agora, Delphi \u00e9 Minerion","description":"Minerion | Software para minera\u00e7\u00e3o","publisher":{"@id":"https:\/\/minerion.com.br\/#organization"},"potentialAction":[{"@type":"SearchAction","target":{"@type":"EntryPoint","urlTemplate":"https:\/\/minerion.com.br\/?s={search_term_string}"},"query-input":{"@type":"PropertyValueSpecification","valueRequired":true,"valueName":"search_term_string"}}],"inLanguage":"es"},{"@type":"Organization","@id":"https:\/\/minerion.com.br\/#organization","name":"Minerion - Agora, Delphi \u00e9 Minerion","url":"https:\/\/minerion.com.br\/","logo":{"@type":"ImageObject","inLanguage":"es","@id":"https:\/\/minerion.com.br\/#\/schema\/logo\/image\/","url":"https:\/\/minerion.com.br\/wp-content\/uploads\/2022\/12\/logo-minerion.png","contentUrl":"https:\/\/minerion.com.br\/wp-content\/uploads\/2022\/12\/logo-minerion.png","width":295,"height":100,"caption":"Minerion - Agora, Delphi \u00e9 Minerion"},"image":{"@id":"https:\/\/minerion.com.br\/#\/schema\/logo\/image\/"}}]}},"_links":{"self":[{"href":"https:\/\/minerion.com.br\/es\/wp-json\/wp\/v2\/pages\/70425","targetHints":{"allow":["GET"]}}],"collection":[{"href":"https:\/\/minerion.com.br\/es\/wp-json\/wp\/v2\/pages"}],"about":[{"href":"https:\/\/minerion.com.br\/es\/wp-json\/wp\/v2\/types\/page"}],"author":[{"embeddable":true,"href":"https:\/\/minerion.com.br\/es\/wp-json\/wp\/v2\/users\/1"}],"replies":[{"embeddable":true,"href":"https:\/\/minerion.com.br\/es\/wp-json\/wp\/v2\/comments?post=70425"}],"version-history":[{"count":37,"href":"https:\/\/minerion.com.br\/es\/wp-json\/wp\/v2\/pages\/70425\/revisions"}],"predecessor-version":[{"id":74138,"href":"https:\/\/minerion.com.br\/es\/wp-json\/wp\/v2\/pages\/70425\/revisions\/74138"}],"wp:attachment":[{"href":"https:\/\/minerion.com.br\/es\/wp-json\/wp\/v2\/media?parent=70425"}],"curies":[{"name":"wp","href":"https:\/\/api.w.org\/{rel}","templated":true}]}}